{"id":210306,"date":"2019-01-25T00:48:21","date_gmt":"2019-01-24T23:48:21","guid":{"rendered":"https:\/\/agatunet.no\/kafe-og-butikk\/butikk\/"},"modified":"2020-03-05T15:43:34","modified_gmt":"2020-03-05T14:43:34","slug":"shop","status":"publish","type":"page","link":"https:\/\/agatunet.no\/en\/shop\/","title":{"rendered":"Shop"},"content":{"rendered":"<p>[et_pb_section fb_built=&#8221;1&#8243; _builder_version=&#8221;3.17&#8243; use_background_color_gradient=&#8221;on&#8221; background_color_gradient_start=&#8221;rgba(0,0,0,0.35)&#8221; background_color_gradient_end=&#8221;rgba(0,0,0,0.35)&#8221; background_color_gradient_overlays_image=&#8221;on&#8221; background_image=&#8221;https:\/\/agatunet.no\/wp-content\/uploads\/2019\/01\/18-I.Pasmans-2018-watercolour-weeds-close-up.jpeg&#8221; filter_saturate=&#8221;121%&#8221; filter_brightness=&#8221;129%&#8221; filter_contrast=&#8221;93%&#8221;][et_pb_row _builder_version=&#8221;3.11&#8243;][et_pb_column type=&#8221;4_4&#8243; _builder_version=&#8221;3.0.47&#8243; parallax=&#8221;off&#8221; parallax_method=&#8221;on&#8221;][et_pb_text _builder_version=&#8221;3.17&#8243; text_font=&#8221;||||||||&#8221; header_font=&#8221;|700|||||||&#8221; header_text_align=&#8221;center&#8221; header_text_color=&#8221;#ffffff&#8221; header_font_size=&#8221;62px&#8221; header_font_size_tablet=&#8221;42px&#8221; header_font_size_phone=&#8221;28px&#8221; header_font_size_last_edited=&#8221;on|phone&#8221; header_letter_spacing=&#8221;3px&#8221; header_line_height=&#8221;1.3em&#8221; header_text_shadow_style=&#8221;preset2&#8243; module_alignment=&#8221;center&#8221; custom_margin=&#8221;75px||20px|&#8221; custom_margin_phone=&#8221;35px||10px|&#8221; custom_margin_last_edited=&#8221;on|phone&#8221;]<\/p>\n<h1>Butikk<\/h1>\n<p>&nbsp;<\/p>\n<p>&nbsp;<\/p>\n<p>[\/et_pb_text][\/et_pb_column][\/et_pb_row][\/et_pb_section][et_pb_section fb_built=&#8221;1&#8243; _builder_version=&#8221;3.11&#8243; custom_padding=&#8221;54px|0px|0|0px|false|false&#8221;][et_pb_row padding_top_2=&#8221;35px&#8221; _builder_version=&#8221;3.11&#8243;][et_pb_column type=&#8221;1_2&#8243; _builder_version=&#8221;3.0.47&#8243; parallax=&#8221;off&#8221; parallax_method=&#8221;on&#8221;][et_pb_image src=&#8221;https:\/\/agatunet.no\/wp-content\/uploads\/2019\/01\/Sarah-Reed-i-museumsbutikk-Agatunet.jpg&#8221; _builder_version=&#8221;3.17&#8243; filter_brightness=&#8221;113%&#8221;][\/et_pb_image][\/et_pb_column][et_pb_column type=&#8221;1_2&#8243; _builder_version=&#8221;3.0.47&#8243; padding_top=&#8221;35px&#8221; parallax=&#8221;off&#8221; parallax_method=&#8221;on&#8221;][et_pb_text _builder_version=&#8221;3.17&#8243; header_font_size=&#8221;39px&#8221; header_2_font_size=&#8221;38px&#8221; header_2_font_size_tablet=&#8221;32px&#8221; header_2_font_size_phone=&#8221;26px&#8221; header_2_font_size_last_edited=&#8221;on|phone&#8221; header_2_line_height=&#8221;1.3em&#8221;]<\/p>\n<h2>Kom innom butikken v\u00e5r!<\/h2>\n<p>[\/et_pb_text][et_pb_text _builder_version=&#8221;3.17&#8243; text_font=&#8221;||||||||&#8221; text_text_color=&#8221;#191919&#8243; text_line_height=&#8221;2em&#8221;]<\/p>\n<p>I den flotte \u00c5dnesstova, og kalla Lensmannsstova, finn du butikken v\u00e5r, fordelt p\u00e5 to rom. Her har me mykje fint. Me sel handverksartiklar, b\u00e5de keramikk, trearbeid, plantefarga garn, lokalprodusert mat, flotte b\u00f8ker, leiker, smykke, postkort og g\u00e5ver. <\/p>\n<p>Her finn du og krotakaker fr\u00e5 fredagsbakinga (med f\u00f8rbehald &#8211; det vert raskt utseld!), og smykke fr\u00e5 smykkekunstnarene som stillar ut i tunet i sommar.<\/p>\n<p>Me sel artikkelsamlingar og andre publikasjoner museet har gjeve ut. Om du ynskjer \u00e5 kj\u00f8pe nokre av publikasjonane v\u00e5re over nett, s\u00e5 har me Vipps og sendar gjerne! Fyll i kontaktskjema under, s\u00e5 tek me kontakt.<\/p>\n<p>&nbsp;<\/p>\n<p>[\/et_pb_text][\/et_pb_column][\/et_pb_row][\/et_pb_section]<\/p>\n","protected":false},"excerpt":{"rendered":"<p>Butikk &nbsp; &nbsp; Kom innom butikken v\u00e5r! I den flotte \u00c5dnesstova, og kalla Lensmannsstova, finn du butikken v\u00e5r, fordelt p\u00e5 to rom. Her har me mykje fint. Me sel handverksartiklar, b\u00e5de keramikk, trearbeid, plantefarga garn, lokalprodusert mat, flotte b\u00f8ker, leiker, smykke, postkort og g\u00e5ver. Her finn du og krotakaker fr\u00e5 fredagsbakinga (med f\u00f8rbehald &#8211; det [&hellip;]<\/p>\n","protected":false},"author":9,"featured_media":0,"parent":0,"menu_order":0,"comment_status":"closed","ping_status":"closed","template":"","meta":{"_et_pb_use_builder":"on","_et_pb_old_content":"","_et_gb_content_width":"","inline_featured_image":false,"footnotes":""},"class_list":["post-210306","page","type-page","status-publish","hentry"],"yoast_head":"<!-- This site is optimized with the Yoast SEO plugin v27.0 - https:\/\/yoast.com\/product\/yoast-seo-wordpress\/ -->\n<title>Shop - Agatunet<\/title>\n<meta name=\"robots\" content=\"index, follow, max-snippet:-1, max-image-preview:large, max-video-preview:-1\" \/>\n<link rel=\"canonical\" href=\"https:\/\/agatunet.no\/en\/shop\/\" \/>\n<meta property=\"og:locale\" content=\"en_US\" \/>\n<meta property=\"og:type\" content=\"article\" \/>\n<meta property=\"og:title\" content=\"Shop - Agatunet\" \/>\n<meta property=\"og:description\" content=\"Butikk &nbsp; &nbsp; Kom innom butikken v\u00e5r! I den flotte \u00c5dnesstova, og kalla Lensmannsstova, finn du butikken v\u00e5r, fordelt p\u00e5 to rom. Her har me mykje fint. Me sel handverksartiklar, b\u00e5de keramikk, trearbeid, plantefarga garn, lokalprodusert mat, flotte b\u00f8ker, leiker, smykke, postkort og g\u00e5ver. Her finn du og krotakaker fr\u00e5 fredagsbakinga (med f\u00f8rbehald - det [&hellip;]\" \/>\n<meta property=\"og:url\" content=\"https:\/\/agatunet.no\/en\/shop\/\" \/>\n<meta property=\"og:site_name\" content=\"Agatunet\" \/>\n<meta property=\"article:modified_time\" content=\"2020-03-05T14:43:34+00:00\" \/>\n<meta name=\"twitter:card\" content=\"summary_large_image\" \/>\n<meta name=\"twitter:label1\" content=\"Est. reading time\" \/>\n\t<meta name=\"twitter:data1\" content=\"2 minutes\" \/>\n<script type=\"application\/ld+json\" class=\"yoast-schema-graph\">{\"@context\":\"https:\/\/schema.org\",\"@graph\":[{\"@type\":\"WebPage\",\"@id\":\"https:\/\/agatunet.no\/en\/shop\/\",\"url\":\"https:\/\/agatunet.no\/en\/shop\/\",\"name\":\"Shop - Agatunet\",\"isPartOf\":{\"@id\":\"https:\/\/agatunet.no\/en\/#website\"},\"datePublished\":\"2019-01-24T23:48:21+00:00\",\"dateModified\":\"2020-03-05T14:43:34+00:00\",\"breadcrumb\":{\"@id\":\"https:\/\/agatunet.no\/en\/shop\/#breadcrumb\"},\"inLanguage\":\"en-US\",\"potentialAction\":[{\"@type\":\"ReadAction\",\"target\":[\"https:\/\/agatunet.no\/en\/shop\/\"]}]},{\"@type\":\"BreadcrumbList\",\"@id\":\"https:\/\/agatunet.no\/en\/shop\/#breadcrumb\",\"itemListElement\":[{\"@type\":\"ListItem\",\"position\":1,\"name\":\"Hjem\",\"item\":\"https:\/\/agatunet.no\/en\/\"},{\"@type\":\"ListItem\",\"position\":2,\"name\":\"Caf\u00e9 and shop\",\"item\":\"https:\/\/agatunet.no\/en\/cafe-and-shop\/\"},{\"@type\":\"ListItem\",\"position\":3,\"name\":\"Shop\"}]},{\"@type\":\"WebSite\",\"@id\":\"https:\/\/agatunet.no\/en\/#website\",\"url\":\"https:\/\/agatunet.no\/en\/\",\"name\":\"Agatunet\",\"description\":\"Ein del av Hardanger og Voss museum\",\"publisher\":{\"@id\":\"https:\/\/agatunet.no\/en\/#organization\"},\"potentialAction\":[{\"@type\":\"SearchAction\",\"target\":{\"@type\":\"EntryPoint\",\"urlTemplate\":\"https:\/\/agatunet.no\/en\/?s={search_term_string}\"},\"query-input\":{\"@type\":\"PropertyValueSpecification\",\"valueRequired\":true,\"valueName\":\"search_term_string\"}}],\"inLanguage\":\"en-US\"},{\"@type\":\"Organization\",\"@id\":\"https:\/\/agatunet.no\/en\/#organization\",\"name\":\"Agatunet\",\"url\":\"https:\/\/agatunet.no\/en\/\",\"logo\":{\"@type\":\"ImageObject\",\"inLanguage\":\"en-US\",\"@id\":\"https:\/\/agatunet.no\/en\/#\/schema\/logo\/image\/\",\"url\":\"https:\/\/agatunet.no\/wp-content\/uploads\/2023\/07\/Agatunet-hovud.svg\",\"contentUrl\":\"https:\/\/agatunet.no\/wp-content\/uploads\/2023\/07\/Agatunet-hovud.svg\",\"width\":1,\"height\":1,\"caption\":\"Agatunet\"},\"image\":{\"@id\":\"https:\/\/agatunet.no\/en\/#\/schema\/logo\/image\/\"}}]}<\/script>\n<!-- \/ Yoast SEO plugin. -->","yoast_head_json":{"title":"Shop - Agatunet","robots":{"index":"index","follow":"follow","max-snippet":"max-snippet:-1","max-image-preview":"max-image-preview:large","max-video-preview":"max-video-preview:-1"},"canonical":"https:\/\/agatunet.no\/en\/shop\/","og_locale":"en_US","og_type":"article","og_title":"Shop - Agatunet","og_description":"Butikk &nbsp; &nbsp; Kom innom butikken v\u00e5r! I den flotte \u00c5dnesstova, og kalla Lensmannsstova, finn du butikken v\u00e5r, fordelt p\u00e5 to rom. Her har me mykje fint. Me sel handverksartiklar, b\u00e5de keramikk, trearbeid, plantefarga garn, lokalprodusert mat, flotte b\u00f8ker, leiker, smykke, postkort og g\u00e5ver. Her finn du og krotakaker fr\u00e5 fredagsbakinga (med f\u00f8rbehald - det [&hellip;]","og_url":"https:\/\/agatunet.no\/en\/shop\/","og_site_name":"Agatunet","article_modified_time":"2020-03-05T14:43:34+00:00","twitter_card":"summary_large_image","twitter_misc":{"Est. reading time":"2 minutes"},"schema":{"@context":"https:\/\/schema.org","@graph":[{"@type":"WebPage","@id":"https:\/\/agatunet.no\/en\/shop\/","url":"https:\/\/agatunet.no\/en\/shop\/","name":"Shop - Agatunet","isPartOf":{"@id":"https:\/\/agatunet.no\/en\/#website"},"datePublished":"2019-01-24T23:48:21+00:00","dateModified":"2020-03-05T14:43:34+00:00","breadcrumb":{"@id":"https:\/\/agatunet.no\/en\/shop\/#breadcrumb"},"inLanguage":"en-US","potentialAction":[{"@type":"ReadAction","target":["https:\/\/agatunet.no\/en\/shop\/"]}]},{"@type":"BreadcrumbList","@id":"https:\/\/agatunet.no\/en\/shop\/#breadcrumb","itemListElement":[{"@type":"ListItem","position":1,"name":"Hjem","item":"https:\/\/agatunet.no\/en\/"},{"@type":"ListItem","position":2,"name":"Caf\u00e9 and shop","item":"https:\/\/agatunet.no\/en\/cafe-and-shop\/"},{"@type":"ListItem","position":3,"name":"Shop"}]},{"@type":"WebSite","@id":"https:\/\/agatunet.no\/en\/#website","url":"https:\/\/agatunet.no\/en\/","name":"Agatunet","description":"Ein del av Hardanger og Voss museum","publisher":{"@id":"https:\/\/agatunet.no\/en\/#organization"},"potentialAction":[{"@type":"SearchAction","target":{"@type":"EntryPoint","urlTemplate":"https:\/\/agatunet.no\/en\/?s={search_term_string}"},"query-input":{"@type":"PropertyValueSpecification","valueRequired":true,"valueName":"search_term_string"}}],"inLanguage":"en-US"},{"@type":"Organization","@id":"https:\/\/agatunet.no\/en\/#organization","name":"Agatunet","url":"https:\/\/agatunet.no\/en\/","logo":{"@type":"ImageObject","inLanguage":"en-US","@id":"https:\/\/agatunet.no\/en\/#\/schema\/logo\/image\/","url":"https:\/\/agatunet.no\/wp-content\/uploads\/2023\/07\/Agatunet-hovud.svg","contentUrl":"https:\/\/agatunet.no\/wp-content\/uploads\/2023\/07\/Agatunet-hovud.svg","width":1,"height":1,"caption":"Agatunet"},"image":{"@id":"https:\/\/agatunet.no\/en\/#\/schema\/logo\/image\/"}}]}},"_links":{"self":[{"href":"https:\/\/agatunet.no\/en\/wp-json\/wp\/v2\/pages\/210306","targetHints":{"allow":["GET"]}}],"collection":[{"href":"https:\/\/agatunet.no\/en\/wp-json\/wp\/v2\/pages"}],"about":[{"href":"https:\/\/agatunet.no\/en\/wp-json\/wp\/v2\/types\/page"}],"author":[{"embeddable":true,"href":"https:\/\/agatunet.no\/en\/wp-json\/wp\/v2\/users\/9"}],"replies":[{"embeddable":true,"href":"https:\/\/agatunet.no\/en\/wp-json\/wp\/v2\/comments?post=210306"}],"version-history":[{"count":2,"href":"https:\/\/agatunet.no\/en\/wp-json\/wp\/v2\/pages\/210306\/revisions"}],"predecessor-version":[{"id":210742,"href":"https:\/\/agatunet.no\/en\/wp-json\/wp\/v2\/pages\/210306\/revisions\/210742"}],"wp:attachment":[{"href":"https:\/\/agatunet.no\/en\/wp-json\/wp\/v2\/media?parent=210306"}],"curies":[{"name":"wp","href":"https:\/\/api.w.org\/{rel}","templated":true}]}}