{"id":210281,"date":"2019-01-29T00:55:20","date_gmt":"2019-01-28T23:55:20","guid":{"rendered":"https:\/\/agatunet.no\/utleige-bunad-og-bruredrakt\/"},"modified":"2020-02-20T21:48:12","modified_gmt":"2020-02-20T20:48:12","slug":"utleige-bunad-og-bruredrakt","status":"publish","type":"page","link":"https:\/\/agatunet.no\/en\/utleige-bunad-og-bruredrakt\/","title":{"rendered":"Utleige bunad og bruredrakt"},"content":{"rendered":"<p>[et_pb_section fb_built=&#8221;1&#8243; _builder_version=&#8221;3.22&#8243; use_background_color_gradient=&#8221;on&#8221; background_color_gradient_start=&#8221;rgba(0,0,0,0.35)&#8221; background_color_gradient_end=&#8221;rgba(0,0,0,0.35)&#8221; background_color_gradient_overlays_image=&#8221;on&#8221; background_image=&#8221;https:\/\/hardangerfolkemuseum.no\/wp-content\/uploads\/sites\/7\/2018\/12\/Detalj-bruredrakt.-Duran.jpg&#8221;][et_pb_row _builder_version=&#8221;3.25&#8243;][et_pb_column type=&#8221;4_4&#8243; _builder_version=&#8221;3.25&#8243; custom_padding=&#8221;|||&#8221; custom_padding__hover=&#8221;|||&#8221;][et_pb_text _builder_version=&#8221;3.27.4&#8243; header_font=&#8221;|700|||||||&#8221; header_text_align=&#8221;center&#8221; header_text_color=&#8221;#ffffff&#8221; header_font_size=&#8221;62px&#8221; header_letter_spacing=&#8221;3px&#8221; header_line_height=&#8221;1.3em&#8221; module_alignment=&#8221;center&#8221; custom_margin=&#8221;75px||20px|&#8221; custom_margin_tablet=&#8221;&#8221; custom_margin_phone=&#8221;35px||10px|&#8221; custom_margin_last_edited=&#8221;on|phone&#8221; header_font_size_tablet=&#8221;42px&#8221; header_font_size_phone=&#8221;28px&#8221; header_font_size_last_edited=&#8221;on|phone&#8221;]<\/p>\n<h1>Utleige bunad og bruredrakt<\/h1>\n<p>[\/et_pb_text][\/et_pb_column][\/et_pb_row][\/et_pb_section][et_pb_section fb_built=&#8221;1&#8243; _builder_version=&#8221;3.22&#8243; custom_padding=&#8221;54px|0px|0|0px|false|false&#8221;][et_pb_row _builder_version=&#8221;3.25&#8243; column_structure=&#8221;1_2,1_2&#8243;][et_pb_column type=&#8221;1_2&#8243; _builder_version=&#8221;3.25&#8243; custom_padding=&#8221;|||&#8221; custom_padding__hover=&#8221;|||&#8221;][et_pb_image src=&#8221;https:\/\/hardangerfolkemuseum.no\/wp-content\/uploads\/sites\/7\/2018\/12\/Brurekrune-2.-Emmerhoff.jpg&#8221; align_tablet=&#8221;center&#8221; align_last_edited=&#8221;on|desktop&#8221; _builder_version=&#8221;3.23&#8243;][\/et_pb_image][et_pb_image src=&#8221;https:\/\/hardangerfolkemuseum.no\/wp-content\/uploads\/sites\/7\/2018\/12\/Detalj-bruredrakt-2.-Duran.jpg&#8221; align_tablet=&#8221;center&#8221; align_last_edited=&#8221;on|desktop&#8221; _builder_version=&#8221;3.23&#8243;][\/et_pb_image][\/et_pb_column][et_pb_column type=&#8221;1_2&#8243; _builder_version=&#8221;3.25&#8243; custom_padding=&#8221;35px|||&#8221; custom_padding__hover=&#8221;|||&#8221;][et_pb_text _builder_version=&#8221;3.27.4&#8243; header_font_size=&#8221;39px&#8221; header_2_font_size=&#8221;38px&#8221; header_2_line_height=&#8221;1.3em&#8221; header_2_font_size_tablet=&#8221;32px&#8221; header_2_font_size_phone=&#8221;26px&#8221; header_2_font_size_last_edited=&#8221;on|phone&#8221;]<\/p>\n<h2>Bunad til dame, herre og konfirmant<\/h2>\n<p>[\/et_pb_text][et_pb_text _builder_version=&#8221;3.27.4&#8243; text_font=&#8221;||||||||&#8221; text_text_color=&#8221;#191919&#8243; text_line_height=&#8221;2em&#8221;]<\/p>\n<div id=\"introduction\">Hardanger folkemuseum p\u00e5 Utne leiger ut bunad til b\u00e5de kvinner og menn.<\/div>\n<div>Me har bruredrakt, sylv og kruner.<\/div>\n<div id=\"text\">\n<p>Me har bunad med jakke og tr\u00f8ye, samt drakt med bol og belte til herre.<\/p>\n<p>Me har bunad til konfirmant &#8211; b\u00e5de til gut og jente.<\/p>\n<p>Me tilpassar kleda den som skal bere dei. Ta kontakt for pr\u00f8ving.<\/p>\n<p>&nbsp;<\/p>\n<div id=\"introduction\">BRUREDRAKTA Hardanger har rike draktradisjonar. Bruredrakta er annleis enn den vanlege kvinnebunaden. Den har raud stakk med mykje pynt p\u00e5 og svart tr\u00f8ye. P\u00e5 tr\u00f8ya er det festa to livstykke med perler eller maljer p\u00e5. Sylvbeltet ber ein fyrste gong som brur, likeins Agnus Dei (dalarkjede) kring halsen. Dei vakre brurekrunene har r\u00f8ter i Mariadyrkinga i mellomalderen.<\/div>\n<\/div>\n<p>[\/et_pb_text][\/et_pb_column][\/et_pb_row][\/et_pb_section][et_pb_section fb_built=&#8221;1&#8243; _builder_version=&#8221;3.22&#8243; custom_padding=&#8221;0|0px|54px|0px|false|false&#8221;][et_pb_row use_custom_gutter=&#8221;on&#8221; gutter_width=&#8221;2&#8243; _builder_version=&#8221;3.25&#8243; column_structure=&#8221;2_3,1_3&#8243;][et_pb_column type=&#8221;2_3&#8243; _builder_version=&#8221;3.25&#8243; custom_padding=&#8221;|||&#8221; custom_padding__hover=&#8221;|||&#8221;][et_pb_text _builder_version=&#8221;3.27.4&#8243; header_font=&#8221;||||||||&#8221; header_3_font=&#8221;||||||||&#8221; header_3_font_size=&#8221;28px&#8221; header_3_line_height=&#8221;1.3em&#8221; header_3_font_size_tablet=&#8221;24px&#8221; header_3_font_size_phone=&#8221;22px&#8221; header_3_font_size_last_edited=&#8221;on|phone&#8221;][\/et_pb_text][et_pb_text _builder_version=&#8221;3.27.4&#8243; text_font=&#8221;||||||||&#8221; text_text_color=&#8221;#191919&#8243; text_line_height=&#8221;2em&#8221;][\/et_pb_text][\/et_pb_column][et_pb_column type=&#8221;1_3&#8243; _builder_version=&#8221;3.25&#8243; custom_padding=&#8221;|||&#8221; custom_padding__hover=&#8221;|||&#8221;][\/et_pb_column][\/et_pb_row][\/et_pb_section]<\/p>\n","protected":false},"excerpt":{"rendered":"<p>Utleige bunad og bruredrakt Bunad til dame, herre og konfirmant Hardanger folkemuseum p\u00e5 Utne leiger ut bunad til b\u00e5de kvinner og menn. Me har bruredrakt, sylv og kruner. Me har bunad med jakke og tr\u00f8ye, samt drakt med bol og belte til herre. Me har bunad til konfirmant &#8211; b\u00e5de til gut og jente. Me [&hellip;]<\/p>\n","protected":false},"author":9,"featured_media":0,"parent":0,"menu_order":0,"comment_status":"closed","ping_status":"closed","template":"","meta":{"_et_pb_use_builder":"on","_et_pb_old_content":"","_et_gb_content_width":"","inline_featured_image":false,"footnotes":""},"class_list":["post-210281","page","type-page","status-publish","hentry"],"yoast_head":"<!-- This site is optimized with the Yoast SEO plugin v27.0 - https:\/\/yoast.com\/product\/yoast-seo-wordpress\/ -->\n<title>Utleige bunad og bruredrakt - Agatunet<\/title>\n<meta name=\"robots\" content=\"index, follow, max-snippet:-1, max-image-preview:large, max-video-preview:-1\" \/>\n<link rel=\"canonical\" href=\"https:\/\/agatunet.no\/en\/utleige-bunad-og-bruredrakt\/\" \/>\n<meta property=\"og:locale\" content=\"en_US\" \/>\n<meta property=\"og:type\" content=\"article\" \/>\n<meta property=\"og:title\" content=\"Utleige bunad og bruredrakt - Agatunet\" \/>\n<meta property=\"og:description\" content=\"Utleige bunad og bruredrakt Bunad til dame, herre og konfirmant Hardanger folkemuseum p\u00e5 Utne leiger ut bunad til b\u00e5de kvinner og menn. Me har bruredrakt, sylv og kruner. Me har bunad med jakke og tr\u00f8ye, samt drakt med bol og belte til herre. Me har bunad til konfirmant - b\u00e5de til gut og jente. Me [&hellip;]\" \/>\n<meta property=\"og:url\" content=\"https:\/\/agatunet.no\/en\/utleige-bunad-og-bruredrakt\/\" \/>\n<meta property=\"og:site_name\" content=\"Agatunet\" \/>\n<meta property=\"article:modified_time\" content=\"2020-02-20T20:48:12+00:00\" \/>\n<meta name=\"twitter:card\" content=\"summary_large_image\" \/>\n<meta name=\"twitter:label1\" content=\"Est. reading time\" \/>\n\t<meta name=\"twitter:data1\" content=\"3 minutes\" \/>\n<script type=\"application\/ld+json\" class=\"yoast-schema-graph\">{\"@context\":\"https:\/\/schema.org\",\"@graph\":[{\"@type\":\"WebPage\",\"@id\":\"https:\/\/agatunet.no\/en\/utleige-bunad-og-bruredrakt\/\",\"url\":\"https:\/\/agatunet.no\/en\/utleige-bunad-og-bruredrakt\/\",\"name\":\"Utleige bunad og bruredrakt - Agatunet\",\"isPartOf\":{\"@id\":\"https:\/\/agatunet.no\/en\/#website\"},\"datePublished\":\"2019-01-28T23:55:20+00:00\",\"dateModified\":\"2020-02-20T20:48:12+00:00\",\"breadcrumb\":{\"@id\":\"https:\/\/agatunet.no\/en\/utleige-bunad-og-bruredrakt\/#breadcrumb\"},\"inLanguage\":\"en-US\",\"potentialAction\":[{\"@type\":\"ReadAction\",\"target\":[\"https:\/\/agatunet.no\/en\/utleige-bunad-og-bruredrakt\/\"]}]},{\"@type\":\"BreadcrumbList\",\"@id\":\"https:\/\/agatunet.no\/en\/utleige-bunad-og-bruredrakt\/#breadcrumb\",\"itemListElement\":[{\"@type\":\"ListItem\",\"position\":1,\"name\":\"Hjem\",\"item\":\"https:\/\/agatunet.no\/en\/\"},{\"@type\":\"ListItem\",\"position\":2,\"name\":\"Utleige bunad og bruredrakt\"}]},{\"@type\":\"WebSite\",\"@id\":\"https:\/\/agatunet.no\/en\/#website\",\"url\":\"https:\/\/agatunet.no\/en\/\",\"name\":\"Agatunet\",\"description\":\"Ein del av Hardanger og Voss museum\",\"publisher\":{\"@id\":\"https:\/\/agatunet.no\/en\/#organization\"},\"potentialAction\":[{\"@type\":\"SearchAction\",\"target\":{\"@type\":\"EntryPoint\",\"urlTemplate\":\"https:\/\/agatunet.no\/en\/?s={search_term_string}\"},\"query-input\":{\"@type\":\"PropertyValueSpecification\",\"valueRequired\":true,\"valueName\":\"search_term_string\"}}],\"inLanguage\":\"en-US\"},{\"@type\":\"Organization\",\"@id\":\"https:\/\/agatunet.no\/en\/#organization\",\"name\":\"Agatunet\",\"url\":\"https:\/\/agatunet.no\/en\/\",\"logo\":{\"@type\":\"ImageObject\",\"inLanguage\":\"en-US\",\"@id\":\"https:\/\/agatunet.no\/en\/#\/schema\/logo\/image\/\",\"url\":\"https:\/\/agatunet.no\/wp-content\/uploads\/2023\/07\/Agatunet-hovud.svg\",\"contentUrl\":\"https:\/\/agatunet.no\/wp-content\/uploads\/2023\/07\/Agatunet-hovud.svg\",\"width\":1,\"height\":1,\"caption\":\"Agatunet\"},\"image\":{\"@id\":\"https:\/\/agatunet.no\/en\/#\/schema\/logo\/image\/\"}}]}<\/script>\n<!-- \/ Yoast SEO plugin. -->","yoast_head_json":{"title":"Utleige bunad og bruredrakt - Agatunet","robots":{"index":"index","follow":"follow","max-snippet":"max-snippet:-1","max-image-preview":"max-image-preview:large","max-video-preview":"max-video-preview:-1"},"canonical":"https:\/\/agatunet.no\/en\/utleige-bunad-og-bruredrakt\/","og_locale":"en_US","og_type":"article","og_title":"Utleige bunad og bruredrakt - Agatunet","og_description":"Utleige bunad og bruredrakt Bunad til dame, herre og konfirmant Hardanger folkemuseum p\u00e5 Utne leiger ut bunad til b\u00e5de kvinner og menn. Me har bruredrakt, sylv og kruner. Me har bunad med jakke og tr\u00f8ye, samt drakt med bol og belte til herre. Me har bunad til konfirmant - b\u00e5de til gut og jente. Me [&hellip;]","og_url":"https:\/\/agatunet.no\/en\/utleige-bunad-og-bruredrakt\/","og_site_name":"Agatunet","article_modified_time":"2020-02-20T20:48:12+00:00","twitter_card":"summary_large_image","twitter_misc":{"Est. reading time":"3 minutes"},"schema":{"@context":"https:\/\/schema.org","@graph":[{"@type":"WebPage","@id":"https:\/\/agatunet.no\/en\/utleige-bunad-og-bruredrakt\/","url":"https:\/\/agatunet.no\/en\/utleige-bunad-og-bruredrakt\/","name":"Utleige bunad og bruredrakt - Agatunet","isPartOf":{"@id":"https:\/\/agatunet.no\/en\/#website"},"datePublished":"2019-01-28T23:55:20+00:00","dateModified":"2020-02-20T20:48:12+00:00","breadcrumb":{"@id":"https:\/\/agatunet.no\/en\/utleige-bunad-og-bruredrakt\/#breadcrumb"},"inLanguage":"en-US","potentialAction":[{"@type":"ReadAction","target":["https:\/\/agatunet.no\/en\/utleige-bunad-og-bruredrakt\/"]}]},{"@type":"BreadcrumbList","@id":"https:\/\/agatunet.no\/en\/utleige-bunad-og-bruredrakt\/#breadcrumb","itemListElement":[{"@type":"ListItem","position":1,"name":"Hjem","item":"https:\/\/agatunet.no\/en\/"},{"@type":"ListItem","position":2,"name":"Utleige bunad og bruredrakt"}]},{"@type":"WebSite","@id":"https:\/\/agatunet.no\/en\/#website","url":"https:\/\/agatunet.no\/en\/","name":"Agatunet","description":"Ein del av Hardanger og Voss museum","publisher":{"@id":"https:\/\/agatunet.no\/en\/#organization"},"potentialAction":[{"@type":"SearchAction","target":{"@type":"EntryPoint","urlTemplate":"https:\/\/agatunet.no\/en\/?s={search_term_string}"},"query-input":{"@type":"PropertyValueSpecification","valueRequired":true,"valueName":"search_term_string"}}],"inLanguage":"en-US"},{"@type":"Organization","@id":"https:\/\/agatunet.no\/en\/#organization","name":"Agatunet","url":"https:\/\/agatunet.no\/en\/","logo":{"@type":"ImageObject","inLanguage":"en-US","@id":"https:\/\/agatunet.no\/en\/#\/schema\/logo\/image\/","url":"https:\/\/agatunet.no\/wp-content\/uploads\/2023\/07\/Agatunet-hovud.svg","contentUrl":"https:\/\/agatunet.no\/wp-content\/uploads\/2023\/07\/Agatunet-hovud.svg","width":1,"height":1,"caption":"Agatunet"},"image":{"@id":"https:\/\/agatunet.no\/en\/#\/schema\/logo\/image\/"}}]}},"_links":{"self":[{"href":"https:\/\/agatunet.no\/en\/wp-json\/wp\/v2\/pages\/210281","targetHints":{"allow":["GET"]}}],"collection":[{"href":"https:\/\/agatunet.no\/en\/wp-json\/wp\/v2\/pages"}],"about":[{"href":"https:\/\/agatunet.no\/en\/wp-json\/wp\/v2\/types\/page"}],"author":[{"embeddable":true,"href":"https:\/\/agatunet.no\/en\/wp-json\/wp\/v2\/users\/9"}],"replies":[{"embeddable":true,"href":"https:\/\/agatunet.no\/en\/wp-json\/wp\/v2\/comments?post=210281"}],"version-history":[{"count":1,"href":"https:\/\/agatunet.no\/en\/wp-json\/wp\/v2\/pages\/210281\/revisions"}],"predecessor-version":[{"id":211138,"href":"https:\/\/agatunet.no\/en\/wp-json\/wp\/v2\/pages\/210281\/revisions\/211138"}],"wp:attachment":[{"href":"https:\/\/agatunet.no\/en\/wp-json\/wp\/v2\/media?parent=210281"}],"curies":[{"name":"wp","href":"https:\/\/api.w.org\/{rel}","templated":true}]}}