{"id":210021,"date":"2019-01-24T20:38:50","date_gmt":"2019-01-24T19:38:50","guid":{"rendered":"https:\/\/agatunet.no\/undervisning-og-kurs\/noringen\/"},"modified":"2019-07-02T16:24:03","modified_gmt":"2019-07-02T14:24:03","slug":"noringen","status":"publish","type":"page","link":"https:\/\/agatunet.no\/en\/noringen\/","title":{"rendered":"N\u00f8ringen"},"content":{"rendered":"<p>[et_pb_section fb_built=&#8221;1&#8243; _builder_version=&#8221;3.22.3&#8243; use_background_color_gradient=&#8221;on&#8221; background_color_gradient_start=&#8221;rgba(0,0,0,0.35)&#8221; background_color_gradient_end=&#8221;rgba(0,0,0,0.35)&#8221; background_color_gradient_overlays_image=&#8221;on&#8221; background_image=&#8221;https:\/\/agatunet.no\/wp-content\/uploads\/2019\/01\/IMG_9586.jpg&#8221; filter_saturate=&#8221;104%&#8221; filter_brightness=&#8221;188%&#8221;][et_pb_row _builder_version=&#8221;3.22.3&#8243;][et_pb_column type=&#8221;4_4&#8243; _builder_version=&#8221;3.0.47&#8243;][et_pb_text _builder_version=&#8221;3.19.11&#8243; header_font=&#8221;|700|||||||&#8221; header_text_align=&#8221;center&#8221; header_text_color=&#8221;#ffffff&#8221; header_font_size=&#8221;62px&#8221; header_letter_spacing=&#8221;3px&#8221; header_line_height=&#8221;1.3em&#8221; module_alignment=&#8221;center&#8221; custom_margin=&#8221;75px||20px|&#8221; custom_margin_phone=&#8221;35px||10px|&#8221; custom_margin_last_edited=&#8221;on|phone&#8221; header_font_size_tablet=&#8221;42px&#8221; header_font_size_phone=&#8221;28px&#8221; header_font_size_last_edited=&#8221;on|phone&#8221;]<\/p>\n<h1>N\u00f8ringen<\/h1>\n<p>[\/et_pb_text][\/et_pb_column][\/et_pb_row][\/et_pb_section][et_pb_section fb_built=&#8221;1&#8243; _builder_version=&#8221;3.22.3&#8243; custom_padding=&#8221;54px|0px|0|0px|false|false&#8221;][et_pb_row custom_padding=&#8221;27px|0px|133px|0px|false|false&#8221; _builder_version=&#8221;3.22.3&#8243;][et_pb_column type=&#8221;1_2&#8243; _builder_version=&#8221;3.0.47&#8243;][et_pb_image src=&#8221;https:\/\/agatunet.no\/wp-content\/uploads\/2019\/01\/N\u00f8ringenungar-dans-1-e1547126554417.jpg&#8221; align_tablet=&#8221;center&#8221; align_last_edited=&#8221;on|desktop&#8221; _builder_version=&#8221;3.23&#8243; filter_brightness=&#8221;116%&#8221;][\/et_pb_image][\/et_pb_column][et_pb_column type=&#8221;1_2&#8243; _builder_version=&#8221;3.0.47&#8243;][et_pb_text _builder_version=&#8221;3.24.1&#8243; header_font=&#8221;||||||||&#8221; header_font_size=&#8221;39px&#8221; header_2_font_size=&#8221;38px&#8221; header_2_line_height=&#8221;1.3em&#8221; header_2_font_size_tablet=&#8221;32px&#8221; header_2_font_size_phone=&#8221;26px&#8221; header_2_font_size_last_edited=&#8221;on|phone&#8221;]<\/p>\n<h2>We invest in children!<\/h2>\n<p>[\/et_pb_text][et_pb_text _builder_version=&#8221;3.17&#8243; text_font=&#8221;||||||||&#8221; text_text_color=&#8221;#191919&#8243; text_line_height=&#8221;2em&#8221;]<\/p>\n<p>Agatunet hosts the N\u00f8ringen programme in Ullensvang west. N\u00f8ringen is a unique programme run by the municipal culture school for children born between 2012 and 2014, available to all the children in the Hardanger municipalities and in Voss. Its focus is cultural heritage, with traditional folk music and folk dance as important elements. The children learn some local songs, to dance, learn about interesting folk music instruments and experience cultural heritage in their municipality. Each group comprises a maximum of 12 children, and there are two to three teachers per group. Many volunteers are involved in these educational activities.<\/p>\n<p>The teachers for Ullensvang vest are Johanna Mjeldheim, folk music archivist at Hardanger Folk Museum, Guttorm Rogdaberg, former manager of Agatunet and government grant holder, and head of public outreach at Hardanger Folk Museum and Agatunet, Line B. Iversen.<br \/>N\u00f8ringen is a cooperation between the municipal culture schools in Hardanger and in Voss, the folk groups Hardanger Spelemannslag, Voss Spelemannslag, Kvemmingen spel \u2013 og dansarlag, Hardanger and Voss Museum, Ole Bull Akademiet and hardingfela.no, and the programme is coordinated by Rannveig Dj\u00f8nne.<\/p>\n<p>N\u00f8ringen is supported by:<br \/>Arts Council Norway<br \/>FolkOrg<br \/>The Norwegian Centre for Traditional Music and Dance (RFF)<br \/>Hardanger Kulturr\u00e5d<br \/>Municipalities in Hardanger and Voss<\/p>\n<p>[\/et_pb_text][\/et_pb_column][\/et_pb_row][\/et_pb_section][et_pb_section fb_built=&#8221;1&#8243; _builder_version=&#8221;3.22.3&#8243; custom_padding=&#8221;0|0px|54px|0px|false|false&#8221;][et_pb_row custom_padding=&#8221;50px|0px|27px|0px|false|false&#8221; _builder_version=&#8221;3.22.3&#8243;][et_pb_column type=&#8221;4_4&#8243; _builder_version=&#8221;3.0.47&#8243;][et_pb_gallery gallery_ids=&#8221;207620,207623,207619,209342,209343,209344,209345&#8243; db_images_per_row=&#8221;4&#8243; db_image_row_spacing=&#8221;5px&#8221; show_title_and_caption=&#8221;off&#8221; show_pagination=&#8221;off&#8221; _builder_version=&#8221;3.17&#8243;][\/et_pb_gallery][\/et_pb_column][\/et_pb_row][\/et_pb_section]<\/p>\n","protected":false},"excerpt":{"rendered":"<p>N\u00f8ringenWe invest in children! Agatunet hosts the N\u00f8ringen programme in Ullensvang west. N\u00f8ringen is a unique programme run by the municipal culture school for children born between 2012 and 2014, available to all the children in the Hardanger municipalities and in Voss. Its focus is cultural heritage, with traditional folk music and folk dance as [&hellip;]<\/p>\n","protected":false},"author":9,"featured_media":0,"parent":0,"menu_order":0,"comment_status":"closed","ping_status":"closed","template":"","meta":{"_et_pb_use_builder":"on","_et_pb_old_content":"","_et_gb_content_width":"","inline_featured_image":false,"footnotes":""},"class_list":["post-210021","page","type-page","status-publish","hentry"],"yoast_head":"<!-- This site is optimized with the Yoast SEO plugin v27.0 - https:\/\/yoast.com\/product\/yoast-seo-wordpress\/ -->\n<title>N\u00f8ringen - Agatunet<\/title>\n<meta name=\"robots\" content=\"index, follow, max-snippet:-1, max-image-preview:large, max-video-preview:-1\" \/>\n<link rel=\"canonical\" href=\"https:\/\/agatunet.no\/en\/noringen\/\" \/>\n<meta property=\"og:locale\" content=\"en_US\" \/>\n<meta property=\"og:type\" content=\"article\" \/>\n<meta property=\"og:title\" content=\"N\u00f8ringen - Agatunet\" \/>\n<meta property=\"og:description\" content=\"N\u00f8ringenWe invest in children! Agatunet hosts the N\u00f8ringen programme in Ullensvang west. N\u00f8ringen is a unique programme run by the municipal culture school for children born between 2012 and 2014, available to all the children in the Hardanger municipalities and in Voss. Its focus is cultural heritage, with traditional folk music and folk dance as [&hellip;]\" \/>\n<meta property=\"og:url\" content=\"https:\/\/agatunet.no\/en\/noringen\/\" \/>\n<meta property=\"og:site_name\" content=\"Agatunet\" \/>\n<meta property=\"article:modified_time\" content=\"2019-07-02T14:24:03+00:00\" \/>\n<meta name=\"twitter:card\" content=\"summary_large_image\" \/>\n<meta name=\"twitter:label1\" content=\"Est. reading time\" \/>\n\t<meta name=\"twitter:data1\" content=\"3 minutes\" \/>\n<script type=\"application\/ld+json\" class=\"yoast-schema-graph\">{\"@context\":\"https:\/\/schema.org\",\"@graph\":[{\"@type\":\"WebPage\",\"@id\":\"https:\/\/agatunet.no\/en\/noringen\/\",\"url\":\"https:\/\/agatunet.no\/en\/noringen\/\",\"name\":\"N\u00f8ringen - Agatunet\",\"isPartOf\":{\"@id\":\"https:\/\/agatunet.no\/en\/#website\"},\"datePublished\":\"2019-01-24T19:38:50+00:00\",\"dateModified\":\"2019-07-02T14:24:03+00:00\",\"breadcrumb\":{\"@id\":\"https:\/\/agatunet.no\/en\/noringen\/#breadcrumb\"},\"inLanguage\":\"en-US\",\"potentialAction\":[{\"@type\":\"ReadAction\",\"target\":[\"https:\/\/agatunet.no\/en\/noringen\/\"]}]},{\"@type\":\"BreadcrumbList\",\"@id\":\"https:\/\/agatunet.no\/en\/noringen\/#breadcrumb\",\"itemListElement\":[{\"@type\":\"ListItem\",\"position\":1,\"name\":\"Hjem\",\"item\":\"https:\/\/agatunet.no\/en\/\"},{\"@type\":\"ListItem\",\"position\":2,\"name\":\"Teaching and courses\",\"item\":\"https:\/\/agatunet.no\/en\/teaching-and-courses\/\"},{\"@type\":\"ListItem\",\"position\":3,\"name\":\"N\u00f8ringen\"}]},{\"@type\":\"WebSite\",\"@id\":\"https:\/\/agatunet.no\/en\/#website\",\"url\":\"https:\/\/agatunet.no\/en\/\",\"name\":\"Agatunet\",\"description\":\"Ein del av Hardanger og Voss museum\",\"publisher\":{\"@id\":\"https:\/\/agatunet.no\/en\/#organization\"},\"potentialAction\":[{\"@type\":\"SearchAction\",\"target\":{\"@type\":\"EntryPoint\",\"urlTemplate\":\"https:\/\/agatunet.no\/en\/?s={search_term_string}\"},\"query-input\":{\"@type\":\"PropertyValueSpecification\",\"valueRequired\":true,\"valueName\":\"search_term_string\"}}],\"inLanguage\":\"en-US\"},{\"@type\":\"Organization\",\"@id\":\"https:\/\/agatunet.no\/en\/#organization\",\"name\":\"Agatunet\",\"url\":\"https:\/\/agatunet.no\/en\/\",\"logo\":{\"@type\":\"ImageObject\",\"inLanguage\":\"en-US\",\"@id\":\"https:\/\/agatunet.no\/en\/#\/schema\/logo\/image\/\",\"url\":\"https:\/\/agatunet.no\/wp-content\/uploads\/2023\/07\/Agatunet-hovud.svg\",\"contentUrl\":\"https:\/\/agatunet.no\/wp-content\/uploads\/2023\/07\/Agatunet-hovud.svg\",\"width\":1,\"height\":1,\"caption\":\"Agatunet\"},\"image\":{\"@id\":\"https:\/\/agatunet.no\/en\/#\/schema\/logo\/image\/\"}}]}<\/script>\n<!-- \/ Yoast SEO plugin. -->","yoast_head_json":{"title":"N\u00f8ringen - Agatunet","robots":{"index":"index","follow":"follow","max-snippet":"max-snippet:-1","max-image-preview":"max-image-preview:large","max-video-preview":"max-video-preview:-1"},"canonical":"https:\/\/agatunet.no\/en\/noringen\/","og_locale":"en_US","og_type":"article","og_title":"N\u00f8ringen - Agatunet","og_description":"N\u00f8ringenWe invest in children! Agatunet hosts the N\u00f8ringen programme in Ullensvang west. N\u00f8ringen is a unique programme run by the municipal culture school for children born between 2012 and 2014, available to all the children in the Hardanger municipalities and in Voss. Its focus is cultural heritage, with traditional folk music and folk dance as [&hellip;]","og_url":"https:\/\/agatunet.no\/en\/noringen\/","og_site_name":"Agatunet","article_modified_time":"2019-07-02T14:24:03+00:00","twitter_card":"summary_large_image","twitter_misc":{"Est. reading time":"3 minutes"},"schema":{"@context":"https:\/\/schema.org","@graph":[{"@type":"WebPage","@id":"https:\/\/agatunet.no\/en\/noringen\/","url":"https:\/\/agatunet.no\/en\/noringen\/","name":"N\u00f8ringen - Agatunet","isPartOf":{"@id":"https:\/\/agatunet.no\/en\/#website"},"datePublished":"2019-01-24T19:38:50+00:00","dateModified":"2019-07-02T14:24:03+00:00","breadcrumb":{"@id":"https:\/\/agatunet.no\/en\/noringen\/#breadcrumb"},"inLanguage":"en-US","potentialAction":[{"@type":"ReadAction","target":["https:\/\/agatunet.no\/en\/noringen\/"]}]},{"@type":"BreadcrumbList","@id":"https:\/\/agatunet.no\/en\/noringen\/#breadcrumb","itemListElement":[{"@type":"ListItem","position":1,"name":"Hjem","item":"https:\/\/agatunet.no\/en\/"},{"@type":"ListItem","position":2,"name":"Teaching and courses","item":"https:\/\/agatunet.no\/en\/teaching-and-courses\/"},{"@type":"ListItem","position":3,"name":"N\u00f8ringen"}]},{"@type":"WebSite","@id":"https:\/\/agatunet.no\/en\/#website","url":"https:\/\/agatunet.no\/en\/","name":"Agatunet","description":"Ein del av Hardanger og Voss museum","publisher":{"@id":"https:\/\/agatunet.no\/en\/#organization"},"potentialAction":[{"@type":"SearchAction","target":{"@type":"EntryPoint","urlTemplate":"https:\/\/agatunet.no\/en\/?s={search_term_string}"},"query-input":{"@type":"PropertyValueSpecification","valueRequired":true,"valueName":"search_term_string"}}],"inLanguage":"en-US"},{"@type":"Organization","@id":"https:\/\/agatunet.no\/en\/#organization","name":"Agatunet","url":"https:\/\/agatunet.no\/en\/","logo":{"@type":"ImageObject","inLanguage":"en-US","@id":"https:\/\/agatunet.no\/en\/#\/schema\/logo\/image\/","url":"https:\/\/agatunet.no\/wp-content\/uploads\/2023\/07\/Agatunet-hovud.svg","contentUrl":"https:\/\/agatunet.no\/wp-content\/uploads\/2023\/07\/Agatunet-hovud.svg","width":1,"height":1,"caption":"Agatunet"},"image":{"@id":"https:\/\/agatunet.no\/en\/#\/schema\/logo\/image\/"}}]}},"_links":{"self":[{"href":"https:\/\/agatunet.no\/en\/wp-json\/wp\/v2\/pages\/210021","targetHints":{"allow":["GET"]}}],"collection":[{"href":"https:\/\/agatunet.no\/en\/wp-json\/wp\/v2\/pages"}],"about":[{"href":"https:\/\/agatunet.no\/en\/wp-json\/wp\/v2\/types\/page"}],"author":[{"embeddable":true,"href":"https:\/\/agatunet.no\/en\/wp-json\/wp\/v2\/users\/9"}],"replies":[{"embeddable":true,"href":"https:\/\/agatunet.no\/en\/wp-json\/wp\/v2\/comments?post=210021"}],"version-history":[{"count":0,"href":"https:\/\/agatunet.no\/en\/wp-json\/wp\/v2\/pages\/210021\/revisions"}],"wp:attachment":[{"href":"https:\/\/agatunet.no\/en\/wp-json\/wp\/v2\/media?parent=210021"}],"curies":[{"name":"wp","href":"https:\/\/api.w.org\/{rel}","templated":true}]}}