{"id":210003,"date":"2019-01-10T14:06:03","date_gmt":"2019-01-10T13:06:03","guid":{"rendered":"https:\/\/agatunet.no\/handverksdemonstrasjon\/"},"modified":"2020-03-05T15:53:22","modified_gmt":"2020-03-05T14:53:22","slug":"craft-demonstrations","status":"publish","type":"page","link":"https:\/\/agatunet.no\/en\/craft-demonstrations\/","title":{"rendered":"Craft demonstrations"},"content":{"rendered":"<p>[et_pb_section fb_built=&#8221;1&#8243; _builder_version=&#8221;3.22.3&#8243; use_background_color_gradient=&#8221;on&#8221; background_color_gradient_start=&#8221;rgba(0,0,0,0.35)&#8221; background_color_gradient_end=&#8221;rgba(0,0,0,0.35)&#8221; background_color_gradient_overlays_image=&#8221;on&#8221; background_image=&#8221;https:\/\/agatunet.no\/wp-content\/uploads\/2018\/11\/Spinnerokk-i-bruk.jpg&#8221; filter_brightness=&#8221;171%&#8221;][et_pb_row _builder_version=&#8221;3.22.3&#8243;][et_pb_column type=&#8221;4_4&#8243; _builder_version=&#8221;3.0.47&#8243;][et_pb_text _builder_version=&#8221;3.17&#8243; header_font=&#8221;|700|||||||&#8221; header_text_align=&#8221;center&#8221; header_text_color=&#8221;#ffffff&#8221; header_font_size=&#8221;62px&#8221; header_letter_spacing=&#8221;3px&#8221; header_line_height=&#8221;1.3em&#8221; header_text_shadow_style=&#8221;preset2&#8243; module_alignment=&#8221;center&#8221; custom_margin=&#8221;75px||20px|&#8221; custom_margin_phone=&#8221;35px||10px|&#8221; custom_margin_last_edited=&#8221;on|phone&#8221; header_font_size_tablet=&#8221;42px&#8221; header_font_size_phone=&#8221;28px&#8221; header_font_size_last_edited=&#8221;on|phone&#8221;]<\/p>\n<h1 style=\"text-align: center;\">Craft demonstrations<\/h1>\n<p>[\/et_pb_text][\/et_pb_column][\/et_pb_row][\/et_pb_section][et_pb_section fb_built=&#8221;1&#8243; _builder_version=&#8221;3.22.3&#8243; custom_padding=&#8221;54px|0px|0|0px|false|false&#8221;][et_pb_row padding_top_2=&#8221;35px&#8221; _builder_version=&#8221;3.22.3&#8243;][et_pb_column type=&#8221;1_2&#8243; _builder_version=&#8221;3.0.47&#8243;][et_pb_image src=&#8221;https:\/\/agatunet.no\/wp-content\/uploads\/2019\/01\/dsc_1709_Hovedbilde.jpg&#8221; align_tablet=&#8221;center&#8221; align_last_edited=&#8221;on|desktop&#8221; _builder_version=&#8221;3.23&#8243; filter_saturate=&#8221;117%&#8221; filter_brightness=&#8221;104%&#8221; filter_contrast=&#8221;95%&#8221;][\/et_pb_image][\/et_pb_column][et_pb_column type=&#8221;1_2&#8243; _builder_version=&#8221;3.0.47&#8243;][et_pb_text _builder_version=&#8221;3.17&#8243; text_font=&#8221;||||||||&#8221; link_font=&#8221;||||||||&#8221; ul_font=&#8221;||||||||&#8221; ol_font=&#8221;||||||||&#8221; quote_font=&#8221;||||||||&#8221; header_font=&#8221;||||||||&#8221; header_font_size=&#8221;39px&#8221; header_2_font=&#8221;||||||||&#8221; header_2_font_size=&#8221;38px&#8221; header_2_line_height=&#8221;1.3em&#8221; header_3_font=&#8221;||||||||&#8221; header_4_font=&#8221;||||||||&#8221; header_5_font=&#8221;||||||||&#8221; header_6_font=&#8221;||||||||&#8221; header_2_font_size_tablet=&#8221;32px&#8221; header_2_font_size_phone=&#8221;26px&#8221; header_2_font_size_last_edited=&#8221;on|phone&#8221;]<\/p>\n<h2>Watch craftsmanship at close range<\/h2>\n<p>[\/et_pb_text][et_pb_text _builder_version=&#8221;3.22.7&#8243; text_font=&#8221;||||||||&#8221; text_text_color=&#8221;#191919&#8243; text_line_height=&#8221;2em&#8221;]<\/p>\n<p>Om du ynskjer \u00e5 oppleva handverk p\u00e5 n\u00e6rt hald finst det fleire moglegheiter i Agatunet. Nokre gonger i l\u00f8pet av sesongen demonstrerar me ulike handverk, som til d\u00f8mes spinning p\u00e5 rokk og handtein, plantefarging, arbeid med \u00f8ks og anna bruk av gamle verkty. Desse opplevingane finn du i programseksjonen.<\/p>\n<p>I sommar kan me mellom anna by p\u00e5 <a href=\"https:\/\/agatunet.no\/program\/figurskjering-i-tre-med-kjell-musland\/\">figurskjering i tre<\/a>, og <a href=\"https:\/\/agatunet.no\/program\/demonstrasjondag-korgmaking\/\">kurvmaking<\/a>.<\/p>\n<p>Baking av krotakaker finn sted i bakstekjellaren kvar fredag f\u00f8remiddag i skuleferien. Meir info om det finn du her: <a href=\"https:\/\/agatunet.no\/baking\/\">Krotakakebaking<\/a>.<\/p>\n<p>N\u00e5r me gjennomf\u00f8rar restaureringsprosjekt i Agatunet er det alltid h\u00f8ve for interesserte \u00e5 komma og sj\u00e5, ofte inviterast det og til kurs\u00a0 i samband med arbeidet. Desse kursa finn du i programmet, og elles ligg meir informasjon om eventuelt n\u00e6rst\u00e5ande kurs p\u00e5 denne sida: <a href=\"\/?page_id=207017\">Bygningsvern og restaurering<\/a>.<\/p>\n<p>Om de er ein gruppe som har s\u00e6rskilt hug til \u00e5 sj\u00e5 gamle handverksteknikker (og anna enn det som er nemt over), ta kontakt med oss, s\u00e5 finn me eit opplegg som h\u00f8ver dykk.<\/p>\n<p>[\/et_pb_text][\/et_pb_column][\/et_pb_row][\/et_pb_section][et_pb_section fb_built=&#8221;1&#8243; _builder_version=&#8221;3.22.3&#8243; custom_padding=&#8221;0|0px|54px|0px|false|false&#8221;][et_pb_row custom_padding=&#8221;50px|0px|27px|0px|false|false&#8221; _builder_version=&#8221;3.22.3&#8243;][et_pb_column type=&#8221;4_4&#8243; _builder_version=&#8221;3.0.47&#8243;][et_pb_gallery gallery_ids=&#8221;207620,207623,207619,209334,209335,209336,209300&#8243; db_images_per_row=&#8221;4&#8243; db_image_row_spacing=&#8221;5px&#8221; show_title_and_caption=&#8221;off&#8221; show_pagination=&#8221;off&#8221; _builder_version=&#8221;3.17&#8243;][\/et_pb_gallery][\/et_pb_column][\/et_pb_row][\/et_pb_section]<\/p>\n","protected":false},"excerpt":{"rendered":"<p>Craft demonstrations Watch craftsmanship at close range Om du ynskjer \u00e5 oppleva handverk p\u00e5 n\u00e6rt hald finst det fleire moglegheiter i Agatunet. Nokre gonger i l\u00f8pet av sesongen demonstrerar me ulike handverk, som til d\u00f8mes spinning p\u00e5 rokk og handtein, plantefarging, arbeid med \u00f8ks og anna bruk av gamle verkty. Desse opplevingane finn du i [&hellip;]<\/p>\n","protected":false},"author":4,"featured_media":0,"parent":0,"menu_order":0,"comment_status":"closed","ping_status":"closed","template":"","meta":{"_et_pb_use_builder":"on","_et_pb_old_content":"","_et_gb_content_width":"","inline_featured_image":false,"footnotes":""},"class_list":["post-210003","page","type-page","status-publish","hentry"],"yoast_head":"<!-- This site is optimized with the Yoast SEO plugin v27.0 - https:\/\/yoast.com\/product\/yoast-seo-wordpress\/ -->\n<title>Craft demonstrations - Agatunet<\/title>\n<meta name=\"robots\" content=\"index, follow, max-snippet:-1, max-image-preview:large, max-video-preview:-1\" \/>\n<link rel=\"canonical\" href=\"https:\/\/agatunet.no\/en\/craft-demonstrations\/\" \/>\n<meta property=\"og:locale\" content=\"en_US\" \/>\n<meta property=\"og:type\" content=\"article\" \/>\n<meta property=\"og:title\" content=\"Craft demonstrations - Agatunet\" \/>\n<meta property=\"og:description\" content=\"Craft demonstrations Watch craftsmanship at close range Om du ynskjer \u00e5 oppleva handverk p\u00e5 n\u00e6rt hald finst det fleire moglegheiter i Agatunet. Nokre gonger i l\u00f8pet av sesongen demonstrerar me ulike handverk, som til d\u00f8mes spinning p\u00e5 rokk og handtein, plantefarging, arbeid med \u00f8ks og anna bruk av gamle verkty. Desse opplevingane finn du i [&hellip;]\" \/>\n<meta property=\"og:url\" content=\"https:\/\/agatunet.no\/en\/craft-demonstrations\/\" \/>\n<meta property=\"og:site_name\" content=\"Agatunet\" \/>\n<meta property=\"article:modified_time\" content=\"2020-03-05T14:53:22+00:00\" \/>\n<meta name=\"twitter:card\" content=\"summary_large_image\" \/>\n<meta name=\"twitter:label1\" content=\"Est. reading time\" \/>\n\t<meta name=\"twitter:data1\" content=\"3 minutes\" \/>\n<script type=\"application\/ld+json\" class=\"yoast-schema-graph\">{\"@context\":\"https:\/\/schema.org\",\"@graph\":[{\"@type\":\"WebPage\",\"@id\":\"https:\/\/agatunet.no\/en\/craft-demonstrations\/\",\"url\":\"https:\/\/agatunet.no\/en\/craft-demonstrations\/\",\"name\":\"Craft demonstrations - Agatunet\",\"isPartOf\":{\"@id\":\"https:\/\/agatunet.no\/en\/#website\"},\"datePublished\":\"2019-01-10T13:06:03+00:00\",\"dateModified\":\"2020-03-05T14:53:22+00:00\",\"breadcrumb\":{\"@id\":\"https:\/\/agatunet.no\/en\/craft-demonstrations\/#breadcrumb\"},\"inLanguage\":\"en-US\",\"potentialAction\":[{\"@type\":\"ReadAction\",\"target\":[\"https:\/\/agatunet.no\/en\/craft-demonstrations\/\"]}]},{\"@type\":\"BreadcrumbList\",\"@id\":\"https:\/\/agatunet.no\/en\/craft-demonstrations\/#breadcrumb\",\"itemListElement\":[{\"@type\":\"ListItem\",\"position\":1,\"name\":\"Hjem\",\"item\":\"https:\/\/agatunet.no\/en\/\"},{\"@type\":\"ListItem\",\"position\":2,\"name\":\"Craft demonstrations\"}]},{\"@type\":\"WebSite\",\"@id\":\"https:\/\/agatunet.no\/en\/#website\",\"url\":\"https:\/\/agatunet.no\/en\/\",\"name\":\"Agatunet\",\"description\":\"Ein del av Hardanger og Voss museum\",\"publisher\":{\"@id\":\"https:\/\/agatunet.no\/en\/#organization\"},\"potentialAction\":[{\"@type\":\"SearchAction\",\"target\":{\"@type\":\"EntryPoint\",\"urlTemplate\":\"https:\/\/agatunet.no\/en\/?s={search_term_string}\"},\"query-input\":{\"@type\":\"PropertyValueSpecification\",\"valueRequired\":true,\"valueName\":\"search_term_string\"}}],\"inLanguage\":\"en-US\"},{\"@type\":\"Organization\",\"@id\":\"https:\/\/agatunet.no\/en\/#organization\",\"name\":\"Agatunet\",\"url\":\"https:\/\/agatunet.no\/en\/\",\"logo\":{\"@type\":\"ImageObject\",\"inLanguage\":\"en-US\",\"@id\":\"https:\/\/agatunet.no\/en\/#\/schema\/logo\/image\/\",\"url\":\"https:\/\/agatunet.no\/wp-content\/uploads\/2023\/07\/Agatunet-hovud.svg\",\"contentUrl\":\"https:\/\/agatunet.no\/wp-content\/uploads\/2023\/07\/Agatunet-hovud.svg\",\"width\":1,\"height\":1,\"caption\":\"Agatunet\"},\"image\":{\"@id\":\"https:\/\/agatunet.no\/en\/#\/schema\/logo\/image\/\"}}]}<\/script>\n<!-- \/ Yoast SEO plugin. -->","yoast_head_json":{"title":"Craft demonstrations - Agatunet","robots":{"index":"index","follow":"follow","max-snippet":"max-snippet:-1","max-image-preview":"max-image-preview:large","max-video-preview":"max-video-preview:-1"},"canonical":"https:\/\/agatunet.no\/en\/craft-demonstrations\/","og_locale":"en_US","og_type":"article","og_title":"Craft demonstrations - Agatunet","og_description":"Craft demonstrations Watch craftsmanship at close range Om du ynskjer \u00e5 oppleva handverk p\u00e5 n\u00e6rt hald finst det fleire moglegheiter i Agatunet. Nokre gonger i l\u00f8pet av sesongen demonstrerar me ulike handverk, som til d\u00f8mes spinning p\u00e5 rokk og handtein, plantefarging, arbeid med \u00f8ks og anna bruk av gamle verkty. Desse opplevingane finn du i [&hellip;]","og_url":"https:\/\/agatunet.no\/en\/craft-demonstrations\/","og_site_name":"Agatunet","article_modified_time":"2020-03-05T14:53:22+00:00","twitter_card":"summary_large_image","twitter_misc":{"Est. reading time":"3 minutes"},"schema":{"@context":"https:\/\/schema.org","@graph":[{"@type":"WebPage","@id":"https:\/\/agatunet.no\/en\/craft-demonstrations\/","url":"https:\/\/agatunet.no\/en\/craft-demonstrations\/","name":"Craft demonstrations - Agatunet","isPartOf":{"@id":"https:\/\/agatunet.no\/en\/#website"},"datePublished":"2019-01-10T13:06:03+00:00","dateModified":"2020-03-05T14:53:22+00:00","breadcrumb":{"@id":"https:\/\/agatunet.no\/en\/craft-demonstrations\/#breadcrumb"},"inLanguage":"en-US","potentialAction":[{"@type":"ReadAction","target":["https:\/\/agatunet.no\/en\/craft-demonstrations\/"]}]},{"@type":"BreadcrumbList","@id":"https:\/\/agatunet.no\/en\/craft-demonstrations\/#breadcrumb","itemListElement":[{"@type":"ListItem","position":1,"name":"Hjem","item":"https:\/\/agatunet.no\/en\/"},{"@type":"ListItem","position":2,"name":"Craft demonstrations"}]},{"@type":"WebSite","@id":"https:\/\/agatunet.no\/en\/#website","url":"https:\/\/agatunet.no\/en\/","name":"Agatunet","description":"Ein del av Hardanger og Voss museum","publisher":{"@id":"https:\/\/agatunet.no\/en\/#organization"},"potentialAction":[{"@type":"SearchAction","target":{"@type":"EntryPoint","urlTemplate":"https:\/\/agatunet.no\/en\/?s={search_term_string}"},"query-input":{"@type":"PropertyValueSpecification","valueRequired":true,"valueName":"search_term_string"}}],"inLanguage":"en-US"},{"@type":"Organization","@id":"https:\/\/agatunet.no\/en\/#organization","name":"Agatunet","url":"https:\/\/agatunet.no\/en\/","logo":{"@type":"ImageObject","inLanguage":"en-US","@id":"https:\/\/agatunet.no\/en\/#\/schema\/logo\/image\/","url":"https:\/\/agatunet.no\/wp-content\/uploads\/2023\/07\/Agatunet-hovud.svg","contentUrl":"https:\/\/agatunet.no\/wp-content\/uploads\/2023\/07\/Agatunet-hovud.svg","width":1,"height":1,"caption":"Agatunet"},"image":{"@id":"https:\/\/agatunet.no\/en\/#\/schema\/logo\/image\/"}}]}},"_links":{"self":[{"href":"https:\/\/agatunet.no\/en\/wp-json\/wp\/v2\/pages\/210003","targetHints":{"allow":["GET"]}}],"collection":[{"href":"https:\/\/agatunet.no\/en\/wp-json\/wp\/v2\/pages"}],"about":[{"href":"https:\/\/agatunet.no\/en\/wp-json\/wp\/v2\/types\/page"}],"author":[{"embeddable":true,"href":"https:\/\/agatunet.no\/en\/wp-json\/wp\/v2\/users\/4"}],"replies":[{"embeddable":true,"href":"https:\/\/agatunet.no\/en\/wp-json\/wp\/v2\/comments?post=210003"}],"version-history":[{"count":2,"href":"https:\/\/agatunet.no\/en\/wp-json\/wp\/v2\/pages\/210003\/revisions"}],"predecessor-version":[{"id":211245,"href":"https:\/\/agatunet.no\/en\/wp-json\/wp\/v2\/pages\/210003\/revisions\/211245"}],"wp:attachment":[{"href":"https:\/\/agatunet.no\/en\/wp-json\/wp\/v2\/media?parent=210003"}],"curies":[{"name":"wp","href":"https:\/\/api.w.org\/{rel}","templated":true}]}}