{"id":209987,"date":"2018-10-15T00:19:21","date_gmt":"2018-10-14T22:19:21","guid":{"rendered":"https:\/\/agatunet.no\/kafe-og-butikk\/"},"modified":"2020-03-05T15:44:04","modified_gmt":"2020-03-05T14:44:04","slug":"cafe-and-shop","status":"publish","type":"page","link":"https:\/\/agatunet.no\/en\/cafe-and-shop\/","title":{"rendered":"Caf\u00e9 and shop"},"content":{"rendered":"<p>[et_pb_section fb_built=&#8221;1&#8243; _builder_version=&#8221;3.22&#8243; use_background_color_gradient=&#8221;on&#8221; background_color_gradient_start=&#8221;rgba(0,0,0,0.35)&#8221; background_color_gradient_end=&#8221;rgba(0,0,0,0.35)&#8221; background_color_gradient_overlays_image=&#8221;on&#8221; background_image=&#8221;https:\/\/agatunet.no\/wp-content\/uploads\/2019\/01\/DSC_0577.jpg&#8221; filter_saturate=&#8221;121%&#8221; filter_brightness=&#8221;175%&#8221; filter_contrast=&#8221;93%&#8221; fb_built=&#8221;1&#8243; _i=&#8221;0&#8243; _address=&#8221;0&#8243;][et_pb_row _builder_version=&#8221;3.25&#8243; _i=&#8221;0&#8243; _address=&#8221;0.0&#8243;][et_pb_column type=&#8221;4_4&#8243; _builder_version=&#8221;3.25&#8243; custom_padding=&#8221;|||&#8221; _i=&#8221;0&#8243; _address=&#8221;0.0.0&#8243; custom_padding__hover=&#8221;|||&#8221;][et_pb_text _builder_version=&#8221;3.27.4&#8243; text_font=&#8221;||||||||&#8221; header_font=&#8221;|700|||||||&#8221; header_text_align=&#8221;center&#8221; header_text_color=&#8221;#ffffff&#8221; header_font_size=&#8221;62px&#8221; header_letter_spacing=&#8221;3px&#8221; header_line_height=&#8221;1.3em&#8221; module_alignment=&#8221;center&#8221; custom_margin=&#8221;75px||20px|&#8221; custom_margin_phone=&#8221;35px||10px|&#8221; custom_margin_last_edited=&#8221;on|phone&#8221; header_font_size_tablet=&#8221;42px&#8221; header_font_size_phone=&#8221;28px&#8221; header_font_size_last_edited=&#8221;on|phone&#8221; header_text_shadow_style=&#8221;preset2&#8243; _i=&#8221;0&#8243; _address=&#8221;0.0.0.0&#8243;]<\/p>\n<h1>Caf\u00e9 and shop<\/h1>\n<p>&nbsp;<\/p>\n<p>&nbsp;[\/et_pb_text][\/et_pb_column][\/et_pb_row][\/et_pb_section][et_pb_section fb_built=&#8221;1&#8243; _builder_version=&#8221;3.22&#8243; custom_padding=&#8221;54px|0px|0|0px|false|false&#8221; fb_built=&#8221;1&#8243; _i=&#8221;1&#8243; _address=&#8221;1&#8243;][et_pb_row _builder_version=&#8221;3.25&#8243; _i=&#8221;0&#8243; _address=&#8221;1.0&#8243; column_structure=&#8221;1_2,1_2&#8243;][et_pb_column type=&#8221;1_2&#8243; _builder_version=&#8221;3.25&#8243; custom_padding=&#8221;|||&#8221; _i=&#8221;0&#8243; _address=&#8221;1.0.0&#8243; custom_padding__hover=&#8221;|||&#8221;][et_pb_image src=&#8221;https:\/\/agatunet.no\/wp-content\/uploads\/2019\/01\/bord.jpg&#8221; align_tablet=&#8221;center&#8221; align_last_edited=&#8221;on|desktop&#8221; _builder_version=&#8221;3.23&#8243; filter_brightness=&#8221;113%&#8221; _i=&#8221;0&#8243; _address=&#8221;1.0.0.0&#8243;]&nbsp;<br \/>\n[\/et_pb_image][et_pb_image src=&#8221;https:\/\/agatunet.no\/wp-content\/uploads\/2019\/01\/Kaf\u00e9en-i-Lensmannsstova.-S.Solvi_.jpg&#8221; align_tablet=&#8221;center&#8221; align_last_edited=&#8221;on|desktop&#8221; _builder_version=&#8221;3.23&#8243; filter_brightness=&#8221;113%&#8221; _i=&#8221;1&#8243; _address=&#8221;1.0.0.1&#8243;]&nbsp;<br \/>\n[\/et_pb_image][et_pb_image src=&#8221;https:\/\/agatunet.no\/wp-content\/uploads\/2019\/01\/Gjestar-slappar-av-i-Agatunet.-Eli-Lund.jpg&#8221; align_tablet=&#8221;center&#8221; align_last_edited=&#8221;on|desktop&#8221; _builder_version=&#8221;3.23&#8243; filter_brightness=&#8221;113%&#8221; _i=&#8221;2&#8243; _address=&#8221;1.0.0.2&#8243;]&nbsp;<br \/>\n[\/et_pb_image][\/et_pb_column][et_pb_column type=&#8221;1_2&#8243; _builder_version=&#8221;3.25&#8243; custom_padding=&#8221;35px|||&#8221; _i=&#8221;1&#8243; _address=&#8221;1.0.1&#8243; custom_padding__hover=&#8221;|||&#8221;][et_pb_text _builder_version=&#8221;3.27.4&#8243; header_font_size=&#8221;39px&#8221; header_2_font_size=&#8221;38px&#8221; header_2_line_height=&#8221;1.3em&#8221; header_2_font_size_tablet=&#8221;32px&#8221; header_2_font_size_phone=&#8221;26px&#8221; header_2_font_size_last_edited=&#8221;on|phone&#8221; _i=&#8221;0&#8243; _address=&#8221;1.0.1.0&#8243;]Relax with a cup of coffee and a tasty waffle[\/et_pb_text][et_pb_text _builder_version=&#8221;3.29.3&#8243; text_font=&#8221;||||||||&#8221; text_text_color=&#8221;#191919&#8243; text_line_height=&#8221;2em&#8221; hover_enabled=&#8221;0&#8243; _i=&#8221;1&#8243; _address=&#8221;1.0.1.1&#8243;]<\/p>\n<p>Our cosy little caf\u00e9 is situated in the lovely \u00c5dnesstova building, also known as Lensmannsstova (the vassal&#8217;s building). It also houses a museum shop, which sells a range of local products, handicrafts, local produce, books, toys, jewellery and gifts. This is where you buy a ticket to Agatunet, meet a guide who will provide information about the farm cluster and where you can find brochures about other museums etc. in Hardanger.<\/p>\n<p> Take a tasty historic break in the atmospheric and historically furnished Lensmannsstova building. <br \/>We serve:<\/p>\n<ul>\n<li>delicious cakes and waffles, a few savoury and hot dishes, chocolate, ice cream, hot and cold drinks etc.<\/li>\n<li>tasty products made from apples from the area<\/li>\n<li>licensed to sell beer and wine\n<p> We also have a little library with books you can borrow. Relax in an easy chair in the corner with a cup of coffee and flick through beautiful reference books, read about the farm cluster\u2019s history, or immerse yourself in the lives of well-known people from Hardanger.<\/p>\n<p> This building also houses most of the art exhibitions.<br \/> Tables and benches are dotted around the farm cluster, where you are welcome to find a quiet corner and sit and enjoy whatever you buy in the caf\u00e9 when the weather is fine.<\/li>\n<\/ul>\n<p>It\u2019s great to relax outdoors at Agatunet!<\/p>\n<p>&nbsp;<\/p>\n<p>[\/et_pb_text][\/et_pb_column][\/et_pb_row][\/et_pb_section][et_pb_section fb_built=&#8221;1&#8243; _builder_version=&#8221;3.22&#8243; custom_padding=&#8221;0|0px|54px|0px|false|false&#8221; fb_built=&#8221;1&#8243; _i=&#8221;2&#8243; _address=&#8221;2&#8243;][et_pb_row _builder_version=&#8221;3.25&#8243; custom_padding=&#8221;50px|0px|27px|0px|false|false&#8221; _i=&#8221;1&#8243; _address=&#8221;2.1&#8243;][et_pb_column type=&#8221;4_4&#8243; _builder_version=&#8221;3.25&#8243; custom_padding=&#8221;|||&#8221; _i=&#8221;0&#8243; _address=&#8221;2.1.0&#8243; custom_padding__hover=&#8221;|||&#8221;][et_pb_gallery gallery_ids=&#8221;207620,207623,207619,209334,209339,209340,209341,209470&#8243; show_title_and_caption=&#8221;off&#8221; show_pagination=&#8221;off&#8221; _builder_version=&#8221;3.17&#8243; db_images_per_row=&#8221;4&#8243; db_image_row_spacing=&#8221;5px&#8221; _i=&#8221;0&#8243; _address=&#8221;2.1.0.0&#8243;]&nbsp;<br \/>\n[\/et_pb_gallery][\/et_pb_column][\/et_pb_row][\/et_pb_section]<\/p>\n","protected":false},"excerpt":{"rendered":"<p>Caf\u00e9 and shop &nbsp; &nbsp;&nbsp; &nbsp; &nbsp; Relax with a cup of coffee and a tasty waffleOur cosy little caf\u00e9 is situated in the lovely \u00c5dnesstova building, also known as Lensmannsstova (the vassal&#8217;s building). It also houses a museum shop, which sells a range of local products, handicrafts, local produce, books, toys, jewellery and gifts. [&hellip;]<\/p>\n","protected":false},"author":18,"featured_media":0,"parent":0,"menu_order":0,"comment_status":"closed","ping_status":"closed","template":"","meta":{"_et_pb_use_builder":"on","_et_pb_old_content":"","_et_gb_content_width":"","inline_featured_image":false,"footnotes":""},"class_list":["post-209987","page","type-page","status-publish","hentry"],"yoast_head":"<!-- This site is optimized with the Yoast SEO plugin v27.0 - https:\/\/yoast.com\/product\/yoast-seo-wordpress\/ -->\n<title>Caf\u00e9 and shop - Agatunet<\/title>\n<meta name=\"robots\" content=\"index, follow, max-snippet:-1, max-image-preview:large, max-video-preview:-1\" \/>\n<link rel=\"canonical\" href=\"https:\/\/agatunet.no\/en\/cafe-and-shop\/\" \/>\n<meta property=\"og:locale\" content=\"en_US\" \/>\n<meta property=\"og:type\" content=\"article\" \/>\n<meta property=\"og:title\" content=\"Caf\u00e9 and shop - Agatunet\" \/>\n<meta property=\"og:description\" content=\"Caf\u00e9 and shop &nbsp; &nbsp;&nbsp; &nbsp; &nbsp; Relax with a cup of coffee and a tasty waffleOur cosy little caf\u00e9 is situated in the lovely \u00c5dnesstova building, also known as Lensmannsstova (the vassal&#039;s building). It also houses a museum shop, which sells a range of local products, handicrafts, local produce, books, toys, jewellery and gifts. [&hellip;]\" \/>\n<meta property=\"og:url\" content=\"https:\/\/agatunet.no\/en\/cafe-and-shop\/\" \/>\n<meta property=\"og:site_name\" content=\"Agatunet\" \/>\n<meta property=\"article:modified_time\" content=\"2020-03-05T14:44:04+00:00\" \/>\n<meta name=\"twitter:card\" content=\"summary_large_image\" \/>\n<meta name=\"twitter:label1\" content=\"Est. reading time\" \/>\n\t<meta name=\"twitter:data1\" content=\"3 minutes\" \/>\n<script type=\"application\/ld+json\" class=\"yoast-schema-graph\">{\"@context\":\"https:\/\/schema.org\",\"@graph\":[{\"@type\":\"WebPage\",\"@id\":\"https:\/\/agatunet.no\/en\/cafe-and-shop\/\",\"url\":\"https:\/\/agatunet.no\/en\/cafe-and-shop\/\",\"name\":\"Caf\u00e9 and shop - Agatunet\",\"isPartOf\":{\"@id\":\"https:\/\/agatunet.no\/en\/#website\"},\"datePublished\":\"2018-10-14T22:19:21+00:00\",\"dateModified\":\"2020-03-05T14:44:04+00:00\",\"breadcrumb\":{\"@id\":\"https:\/\/agatunet.no\/en\/cafe-and-shop\/#breadcrumb\"},\"inLanguage\":\"en-US\",\"potentialAction\":[{\"@type\":\"ReadAction\",\"target\":[\"https:\/\/agatunet.no\/en\/cafe-and-shop\/\"]}]},{\"@type\":\"BreadcrumbList\",\"@id\":\"https:\/\/agatunet.no\/en\/cafe-and-shop\/#breadcrumb\",\"itemListElement\":[{\"@type\":\"ListItem\",\"position\":1,\"name\":\"Hjem\",\"item\":\"https:\/\/agatunet.no\/en\/\"},{\"@type\":\"ListItem\",\"position\":2,\"name\":\"Caf\u00e9 and shop\"}]},{\"@type\":\"WebSite\",\"@id\":\"https:\/\/agatunet.no\/en\/#website\",\"url\":\"https:\/\/agatunet.no\/en\/\",\"name\":\"Agatunet\",\"description\":\"Ein del av Hardanger og Voss museum\",\"publisher\":{\"@id\":\"https:\/\/agatunet.no\/en\/#organization\"},\"potentialAction\":[{\"@type\":\"SearchAction\",\"target\":{\"@type\":\"EntryPoint\",\"urlTemplate\":\"https:\/\/agatunet.no\/en\/?s={search_term_string}\"},\"query-input\":{\"@type\":\"PropertyValueSpecification\",\"valueRequired\":true,\"valueName\":\"search_term_string\"}}],\"inLanguage\":\"en-US\"},{\"@type\":\"Organization\",\"@id\":\"https:\/\/agatunet.no\/en\/#organization\",\"name\":\"Agatunet\",\"url\":\"https:\/\/agatunet.no\/en\/\",\"logo\":{\"@type\":\"ImageObject\",\"inLanguage\":\"en-US\",\"@id\":\"https:\/\/agatunet.no\/en\/#\/schema\/logo\/image\/\",\"url\":\"https:\/\/agatunet.no\/wp-content\/uploads\/2023\/07\/Agatunet-hovud.svg\",\"contentUrl\":\"https:\/\/agatunet.no\/wp-content\/uploads\/2023\/07\/Agatunet-hovud.svg\",\"width\":1,\"height\":1,\"caption\":\"Agatunet\"},\"image\":{\"@id\":\"https:\/\/agatunet.no\/en\/#\/schema\/logo\/image\/\"}}]}<\/script>\n<!-- \/ Yoast SEO plugin. -->","yoast_head_json":{"title":"Caf\u00e9 and shop - Agatunet","robots":{"index":"index","follow":"follow","max-snippet":"max-snippet:-1","max-image-preview":"max-image-preview:large","max-video-preview":"max-video-preview:-1"},"canonical":"https:\/\/agatunet.no\/en\/cafe-and-shop\/","og_locale":"en_US","og_type":"article","og_title":"Caf\u00e9 and shop - Agatunet","og_description":"Caf\u00e9 and shop &nbsp; &nbsp;&nbsp; &nbsp; &nbsp; Relax with a cup of coffee and a tasty waffleOur cosy little caf\u00e9 is situated in the lovely \u00c5dnesstova building, also known as Lensmannsstova (the vassal's building). It also houses a museum shop, which sells a range of local products, handicrafts, local produce, books, toys, jewellery and gifts. [&hellip;]","og_url":"https:\/\/agatunet.no\/en\/cafe-and-shop\/","og_site_name":"Agatunet","article_modified_time":"2020-03-05T14:44:04+00:00","twitter_card":"summary_large_image","twitter_misc":{"Est. reading time":"3 minutes"},"schema":{"@context":"https:\/\/schema.org","@graph":[{"@type":"WebPage","@id":"https:\/\/agatunet.no\/en\/cafe-and-shop\/","url":"https:\/\/agatunet.no\/en\/cafe-and-shop\/","name":"Caf\u00e9 and shop - Agatunet","isPartOf":{"@id":"https:\/\/agatunet.no\/en\/#website"},"datePublished":"2018-10-14T22:19:21+00:00","dateModified":"2020-03-05T14:44:04+00:00","breadcrumb":{"@id":"https:\/\/agatunet.no\/en\/cafe-and-shop\/#breadcrumb"},"inLanguage":"en-US","potentialAction":[{"@type":"ReadAction","target":["https:\/\/agatunet.no\/en\/cafe-and-shop\/"]}]},{"@type":"BreadcrumbList","@id":"https:\/\/agatunet.no\/en\/cafe-and-shop\/#breadcrumb","itemListElement":[{"@type":"ListItem","position":1,"name":"Hjem","item":"https:\/\/agatunet.no\/en\/"},{"@type":"ListItem","position":2,"name":"Caf\u00e9 and shop"}]},{"@type":"WebSite","@id":"https:\/\/agatunet.no\/en\/#website","url":"https:\/\/agatunet.no\/en\/","name":"Agatunet","description":"Ein del av Hardanger og Voss museum","publisher":{"@id":"https:\/\/agatunet.no\/en\/#organization"},"potentialAction":[{"@type":"SearchAction","target":{"@type":"EntryPoint","urlTemplate":"https:\/\/agatunet.no\/en\/?s={search_term_string}"},"query-input":{"@type":"PropertyValueSpecification","valueRequired":true,"valueName":"search_term_string"}}],"inLanguage":"en-US"},{"@type":"Organization","@id":"https:\/\/agatunet.no\/en\/#organization","name":"Agatunet","url":"https:\/\/agatunet.no\/en\/","logo":{"@type":"ImageObject","inLanguage":"en-US","@id":"https:\/\/agatunet.no\/en\/#\/schema\/logo\/image\/","url":"https:\/\/agatunet.no\/wp-content\/uploads\/2023\/07\/Agatunet-hovud.svg","contentUrl":"https:\/\/agatunet.no\/wp-content\/uploads\/2023\/07\/Agatunet-hovud.svg","width":1,"height":1,"caption":"Agatunet"},"image":{"@id":"https:\/\/agatunet.no\/en\/#\/schema\/logo\/image\/"}}]}},"_links":{"self":[{"href":"https:\/\/agatunet.no\/en\/wp-json\/wp\/v2\/pages\/209987","targetHints":{"allow":["GET"]}}],"collection":[{"href":"https:\/\/agatunet.no\/en\/wp-json\/wp\/v2\/pages"}],"about":[{"href":"https:\/\/agatunet.no\/en\/wp-json\/wp\/v2\/types\/page"}],"author":[{"embeddable":true,"href":"https:\/\/agatunet.no\/en\/wp-json\/wp\/v2\/users\/18"}],"replies":[{"embeddable":true,"href":"https:\/\/agatunet.no\/en\/wp-json\/wp\/v2\/comments?post=209987"}],"version-history":[{"count":3,"href":"https:\/\/agatunet.no\/en\/wp-json\/wp\/v2\/pages\/209987\/revisions"}],"predecessor-version":[{"id":210753,"href":"https:\/\/agatunet.no\/en\/wp-json\/wp\/v2\/pages\/209987\/revisions\/210753"}],"wp:attachment":[{"href":"https:\/\/agatunet.no\/en\/wp-json\/wp\/v2\/media?parent=209987"}],"curies":[{"name":"wp","href":"https:\/\/api.w.org\/{rel}","templated":true}]}}